{"id":20,"date":"2021-03-15T12:32:41","date_gmt":"2021-03-15T12:32:41","guid":{"rendered":"https:\/\/www.asendorfer-orchideen.de\/?page_id=20"},"modified":"2021-05-10T05:02:34","modified_gmt":"2021-05-10T05:02:34","slug":"home-2","status":"publish","type":"page","link":"https:\/\/www.asendorfer-orchideen.de\/","title":{"rendered":"Herzlich willkommen"},"content":{"rendered":"<p style=\"text-align: center;\">\u00a0auf unserer Website f\u00fcr Orchideen!<\/p>\r\n<p style=\"text-align: center;\">seit meinem dreizehnten Lebensjahr fasziniert mich diese Pflanze wie keine andere, seit vielen Jahren habe ich dieses wundersch\u00f6ne Hobby zu meinem Beruf gemacht!<\/p>\r\n<p>Vor\u00a0 mittlerweile mehr als 25 Jahren habe ich einen Orchideenzuchtbetrieb gegr\u00fcndet, zun\u00e4chst als Nebenerwerb, seit 2007 dann auch als Vollzeitbetrieb.\u00a0 Die\u00a0 Asendorfer Orchideenzucht ist seit vielen Jahren bekannt f\u00fcr sch\u00f6ne und au\u00dfergew\u00f6hnliche Pflanzen aus\u00a0 eigener Produktion weit \u00fcber Deutschland hinaus bekannt, meine Frau Anja und ich haben uns fr\u00fchzeitig entschlossen auf fast ausschlie\u00dfliche eigene Vermehrung mit einem eigenen gro\u00dfen Mutterpflanzenbestand zu setzen. Daher hat es auch viele Jahre gedauert, bis wir neben Jungpflanzen auch zunehmend bl\u00fchstarke Exemplare von immer mehr Arten anbieten k\u00f6nnen. Wir haben uns zun\u00e4chst auf die Gattung Paphiopedilum spezialisiert,\u00a0 dies f\u00fchrte dann am 12.04.2011 dazu, das die Asendorfer Orchideenzucht als internationaler Artenschutzbetrieb f\u00fcr Anhang-I-Arten der Gattungen Paphiopedilum und Phragmipedium registriert werden konnte, zu finden unter (https:cites\/org\/eng\/common\/reg\/nu\/DE) . Damit ist die Asendorfer Orchideenzucht als einziger Zuchtbetrieb gepr\u00fcft und best\u00e4tigt f\u00fcr den kompletten Nachweis des legalen Mutterpflanzenbestandes und der erfolgreichen Nachzucht aller dort angegebenen Arten, weltweit einmalig. Die offizielle Betriebsnummer lautet P-DE-1004. Allerdings haben wir seitdem unser Spektrum stark erweitert, weitgehend vollst\u00e4ndig z\u00fcchten wir mittlerweile auch die Gattungen Cattleya, Coelogyne, Laelia, Phalaenopsis sowie zahllose weitere Spezies.<\/p>\r\n<p>Ende 2019 haben wir einen weiteren gro\u00dfen Schritt gewagt und sind umgezogen in unseren neuen Betrieb am neuen Standort in 29643 Neuenkirchen (Heidekreis), der Name Asendorfer Orchideenzucht bleibt aber bestehen und nat\u00fcrlich auch unsere Zugeh\u00f6rigkeit zu Niedersachsen. Hier kultivieren wir jetzt in einem v\u00f6llig neuen hochmodernen Gew\u00e4chshaus auf ca. 240 Quadratmetern unsere Lieblinge.<\/p>\r\n<p>Ich bin seit vielen Jahren Mitglied der Deutschen Orchideengesellschaft e.V., dort seit langen Jahren in der Bewertung aktiv gewesen, wir haben mehr als 1000 Pflanzen dort zur Pr\u00e4mierung vorgestellt, viele Jahresbeste errungen, ich bin sowohl als urspr\u00fcnglicher Amateur und dann auch einmal als G\u00e4rtner Gesamtjahresbester geworden. Eine st\u00e4ndige j\u00e4hrliche Bewertungssitzung hier am Standort in Neuenkirchen ist f\u00fcr die Zeit nach Corona in Planung, ich danke der D.O.G. schon jetzt f\u00fcr die Unterst\u00fctzung dieser Idee.<\/p>\r\n<p>Ein Besuch in unserer G\u00e4rtnerei ist m\u00f6glich, allerdings nur nach vorheriger Terminabsprache, da ich einige Zeit im Jahr unterwegs bin.<\/p>\r\n<p>&nbsp;<\/p>\r\n<p>&nbsp;<\/p>\r\n<p style=\"text-align: center;\">Auch wenn sich unsere Website derzeit noch in der Entwicklung befindet, werden wir sie st\u00e4ndig aktualisieren und erweitern um Ihnen die M\u00f6glichkeit zu bieten sich ebenfalls an der Sch\u00f6nheit unserer Orchideen zu erfreuen und zu begeistern.<\/p>\r\n<p style=\"text-align: center;\">Hilmar Bauch<\/p>\r\n\r\n<p>&nbsp;<\/p>\r\n","protected":false},"excerpt":{"rendered":"<p>\u00a0auf unserer Website f\u00fcr Orchideen! seit meinem dreizehnten Lebensjahr fasziniert mich diese Pflanze wie keine andere, seit vielen Jahren habe [&hellip;]<\/p>\n","protected":false},"author":1,"featured_media":0,"parent":0,"menu_order":0,"comment_status":"closed","ping_status":"closed","template":"","meta":{"footnotes":""},"class_list":["post-20","page","type-page","status-publish","hentry"],"_links":{"self":[{"href":"https:\/\/www.asendorfer-orchideen.de\/index.php?rest_route=\/wp\/v2\/pages\/20","targetHints":{"allow":["GET"]}}],"collection":[{"href":"https:\/\/www.asendorfer-orchideen.de\/index.php?rest_route=\/wp\/v2\/pages"}],"about":[{"href":"https:\/\/www.asendorfer-orchideen.de\/index.php?rest_route=\/wp\/v2\/types\/page"}],"author":[{"embeddable":true,"href":"https:\/\/www.asendorfer-orchideen.de\/index.php?rest_route=\/wp\/v2\/users\/1"}],"replies":[{"embeddable":true,"href":"https:\/\/www.asendorfer-orchideen.de\/index.php?rest_route=%2Fwp%2Fv2%2Fcomments&post=20"}],"version-history":[{"count":13,"href":"https:\/\/www.asendorfer-orchideen.de\/index.php?rest_route=\/wp\/v2\/pages\/20\/revisions"}],"predecessor-version":[{"id":185,"href":"https:\/\/www.asendorfer-orchideen.de\/index.php?rest_route=\/wp\/v2\/pages\/20\/revisions\/185"}],"wp:attachment":[{"href":"https:\/\/www.asendorfer-orchideen.de\/index.php?rest_route=%2Fwp%2Fv2%2Fmedia&parent=20"}],"curies":[{"name":"wp","href":"https:\/\/api.w.org\/{rel}","templated":true}]}}